{"id":6723,"date":"2016-02-16T10:32:51","date_gmt":"2016-02-16T15:32:51","guid":{"rendered":"https:\/\/entraidediabetique.org\/en\/?page_id=6723"},"modified":"2024-08-21T09:16:53","modified_gmt":"2024-08-21T14:16:53","slug":"our-partners","status":"publish","type":"page","link":"https:\/\/entraidediabetique.org\/en\/our-partners\/","title":{"rendered":"Our partners"},"content":{"rendered":"<div class=\"wpb-content-wrapper\">[vc_row type=&#8221;default&#8221; height=&#8221;200&#8243; parallax_ratio=&#8221;0.1&#8243; video_type=&#8221;mp4&#8243; ct_u_padding=&#8221;ct-u-paddingBoth70&#8243; ct_u_font_weight=&#8221;ct-fw-600&#8243; ct_u_font_style=&#8221;ct-fs-n&#8221; ct_u_diagonal1=&#8221;ct-u-diagonalTopLeft&#8221;][vc_column width=&#8221;1\/1&#8243;]<header  class=\"ct-pageSectionHeader ct-pageSectionHeader--numbered ct-u-marginBottom70\"><h1 class=\"ct-u-marginBottom70\"><span class=\"inherit ct-fw-600\">Nos partenaires<\/span><small class=\"ct-u-colorMotive ct-fw-300\">Nos aidants corporatifs!<\/small><\/h1><\/header>[\/vc_column][\/vc_row][vc_row][vc_column][vc_column_text]Lorem ipsum dolor sit amet, consectetur adipiscing elit, sed do eiusmod tempor incididunt ut labore et dolore magna aliqua. Ut enim ad minim veniam, quis nostrud exercitation ullamco laboris nisi ut aliquip ex ea commodo consequat. Duis aute irure dolor in reprehenderit in voluptate velit esse cillum dolore eu fugiat nulla pariatur. Excepteur sint occaecat cupidatat non proident, sunt in culpa qui officia deserunt mollit anim id est laborum.[\/vc_column_text][\/vc_column][\/vc_row][vc_row][vc_column width=&#8221;1\/1&#8243;][vc_empty_space height=&#8221;32px&#8221;][\/vc_column][\/vc_row][vc_row type=&#8221;default&#8221; height=&#8221;200&#8243; parallax_ratio=&#8221;0.1&#8243; video_type=&#8221;mp4&#8243; scroll=&#8221;section&#8221; ct_u_color=&#8221;inherit&#8221; ct_u_bg_color=&#8221;ct-u-backgroundDarkMotive&#8221; ct_u_padding=&#8221;ct-u-paddingTop20&#8243; el_class=&#8221;bgGris&#8221;][vc_column width=&#8221;1\/1&#8243; css=&#8221;.vc_custom_1429746565174{padding-top: 20px !important;}&#8221; font_color=&#8221;#ffffff&#8221;][\/vc_column][\/vc_row][vc_row][vc_column width=&#8221;1\/1&#8243;][vc_empty_space height=&#8221;32px&#8221;][\/vc_column][vc_column][vc_text_separator title=&#8221;Associations affili\u00e9es \u00e0 Diab\u00e8te Qu\u00e9bec&#8221; title_align=&#8221;separator_align_center&#8221; color=&#8221;juicy_pink&#8221;][\/vc_column][\/vc_row][vc_row][vc_column][vc_column_text]\n<ul>\n<li>Diab\u00e8te Beauce-Etchemin<\/li>\n<li>Les Diab\u00e9tiques de Qu\u00e9bec<\/li>\n<li>Diab\u00e8te C\u00f4te-Sud<\/li>\n<li>Diab\u00e8te Saguenay<\/li>\n<li>Diab\u00e8te Suro\u00eet<\/li>\n<li>Diab\u00e8te Mauricie<\/li>\n<li>Les Diab\u00e9tiques de la Haute-Yamaska<\/li>\n<li>Diab\u00e8te Lanaudi\u00e8re<\/li>\n<li>Diab\u00e8te St-Hyacinthe<\/li>\n<li>Diab\u00e8te Laval, Laurentides<\/li>\n<li>Diab\u00e8te Drummond<\/li>\n<li>Les Amis du KRTB<\/li>\n<\/ul>\n[\/vc_column_text][\/vc_column][vc_column][vc_empty_space height=&#8221;32px&#8221;][vc_text_separator title=&#8221;Autres organismes&#8221; title_align=&#8221;separator_align_center&#8221; color=&#8221;juicy_pink&#8221;][\/vc_column][vc_column][vc_column_text]\n<ul>\n<li>Centre national d\u2019entra\u00eenement acrobatique Yves-LaRoche<\/li>\n<li>Pavillon Ste-Marie<\/li>\n<li>Les Services Hyppolitois de partage<\/li>\n<li>OBNL St-Hyppolite<\/li>\n<li>Club Optimiste de L\u2019\u00c9piphanie<\/li>\n<li>Fondation Autisme Laurentides<\/li>\n<li>Church of Harvest<\/li>\n<li>Club Lions de Trois-Rivi\u00e8res<\/li>\n<li>Club Lions de Shawinigan<\/li>\n<li>\u00c9cole Arc-en-ciel de Saint-Odilon<\/li>\n<\/ul>\n[\/vc_column_text][\/vc_column][\/vc_row][vc_row type=&#8221;default&#8221; height=&#8221;200&#8243; parallax_ratio=&#8221;0.1&#8243; video_type=&#8221;mp4&#8243; scroll=&#8221;section&#8221; ct_u_color=&#8221;inherit&#8221; ct_u_diagonal1=&#8221;ct-u-diagonalTopLeft&#8221;][vc_column][vc_empty_space height=&#8221;32px&#8221;][\/vc_column][\/vc_row][vc_row type=&#8221;default&#8221; height=&#8221;200&#8243; parallax_ratio=&#8221;0.1&#8243; video_type=&#8221;mp4&#8243; ct_u_padding=&#8221;ct-u-paddingBoth50&#8243; scroll=&#8221;section&#8221; ct_u_color=&#8221;inherit&#8221; ct_u_margin=&#8221;ct-u-marginBoth20&#8243;][vc_column width=&#8221;1\/4&#8243; offset=&#8221;vc_col-lg-3 vc_col-md-3&#8243; font_color=&#8221;#000000&#8243;]<h6 ><span class=\"ct-u-colorDarkGray ct-fw-600 ct-u-backgroundWhite\">Associations affili\u00e9es \u00e0 Diab\u00e8te Qu\u00e9bec<\/span><\/h6>[\/vc_column][vc_column width=&#8221;3\/4&#8243; offset=&#8221;vc_col-lg-9 vc_col-md-9&#8243;][\/vc_column][\/vc_row]\n<\/div>","protected":false},"excerpt":{"rendered":"<p>[vc_row type=&#8221;default&#8221; height=&#8221;200&#8243; parallax_ratio=&#8221;0.1&#8243; video_type=&#8221;mp4&#8243; ct_u_padding=&#8221;ct-u-paddingBoth70&#8243; ct_u_font_weight=&#8221;ct-fw-600&#8243; ct_u_font_style=&#8221;ct-fs-n&#8221; ct_u_diagonal1=&#8221;ct-u-diagonalTopLeft&#8221;][vc_column width=&#8221;1\/1&#8243;][\/vc_column][\/vc_row][vc_row][vc_column][vc_column_text]Lorem ipsum dolor sit amet, consectetur adipiscing elit, sed do eiusmod [&hellip;]<\/p>\n","protected":false},"author":12,"featured_media":0,"parent":0,"menu_order":-760,"comment_status":"closed","ping_status":"closed","template":"page-right.php","meta":{"_acf_changed":false,"footnotes":""},"class_list":["post-6723","page","type-page","status-publish","hentry"],"acf":[],"_links":{"self":[{"href":"https:\/\/entraidediabetique.org\/en\/wp-json\/wp\/v2\/pages\/6723","targetHints":{"allow":["GET"]}}],"collection":[{"href":"https:\/\/entraidediabetique.org\/en\/wp-json\/wp\/v2\/pages"}],"about":[{"href":"https:\/\/entraidediabetique.org\/en\/wp-json\/wp\/v2\/types\/page"}],"author":[{"embeddable":true,"href":"https:\/\/entraidediabetique.org\/en\/wp-json\/wp\/v2\/users\/12"}],"replies":[{"embeddable":true,"href":"https:\/\/entraidediabetique.org\/en\/wp-json\/wp\/v2\/comments?post=6723"}],"version-history":[{"count":1,"href":"https:\/\/entraidediabetique.org\/en\/wp-json\/wp\/v2\/pages\/6723\/revisions"}],"predecessor-version":[{"id":24124,"href":"https:\/\/entraidediabetique.org\/en\/wp-json\/wp\/v2\/pages\/6723\/revisions\/24124"}],"wp:attachment":[{"href":"https:\/\/entraidediabetique.org\/en\/wp-json\/wp\/v2\/media?parent=6723"}],"curies":[{"name":"wp","href":"https:\/\/api.w.org\/{rel}","templated":true}]}}