{"id":6736,"date":"2016-02-16T10:44:26","date_gmt":"2016-02-16T15:44:26","guid":{"rendered":"https:\/\/entraidediabetique.org\/en\/?page_id=6736"},"modified":"2025-11-18T16:33:19","modified_gmt":"2025-11-18T21:33:19","slug":"contact","status":"publish","type":"page","link":"https:\/\/entraidediabetique.org\/en\/contact\/","title":{"rendered":"Contact"},"content":{"rendered":"<div class=\"wpb-content-wrapper\">[vc_row type=&#8221;default&#8221; height=&#8221;200&#8243; parallax_ratio=&#8221;0.1&#8243; video_type=&#8221;mp4&#8243; ct_u_padding=&#8221;ct-u-paddingBoth40&#8243; ct_u_bg_color=&#8221;ct-u-backgroundGray&#8221;][vc_column width=&#8221;1\/1&#8243;][vc_row_inner][vc_column_inner width=&#8221;1\/1&#8243;]<h1 ><span class=\"inherit ct-u-hrMid ct-fw-600\">Our offices<\/span><\/h1>[\/vc_column_inner][\/vc_row_inner][vc_row_inner][vc_column_inner width=&#8221;1\/3&#8243; offset=&#8221;vc_col-lg-4 vc_col-xs-12&#8243; animation_speed=&#8221;&#8221; animation=&#8221;&#8221;]\n                    <div  class=\"ct-iconBox ct-iconBox--left\">\n                    <div class=\"ct-iconBox-icon ct-iconBox-icon--default\">\n                    \n                    <\/div>\n                    <div class=\"ct-iconBox-content\">\n                    <h6 ><span class=\"ct-iconBox-title inherit text-uppercase ct-u-hrLeft ct-fw-300\">Trois-Rivi\u00e8res office :<\/span><\/h6>\n                    <p>\n                    <strong>Mauricie, Lanaudi\u00e8re, Centre-du-Qu\u00e9bec, Montr\u00e9al South Shore and Mont\u00e9r\u00e9gie (in part)<\/strong><\/p>\n<p>3352, boul. Gene-H.-Kruger<br \/>\nTrois-Rivi\u00e8res (Qu\u00e9bec) \u00a0G9A 4M3<br \/>\n<strong>1 888 694-9998<br \/>\n819-694-9990<br \/>\n<\/strong><strong><br \/>\n<\/strong>\n                    <\/p>\n                    <\/div>\n                    <\/div>[\/vc_column_inner][vc_column_inner width=&#8221;1\/3&#8243; css=&#8221;.vc_custom_1480361004957{padding-right: 50px !important;padding-left: 50px !important;}&#8221; offset=&#8221;vc_col-lg-4 vc_col-xs-12&#8243; animation_speed=&#8221;&#8221; animation=&#8221;&#8221;]\n                    <div  class=\"ct-iconBox ct-iconBox--left\">\n                    <div class=\"ct-iconBox-icon ct-iconBox-icon--default\">\n                    \n                    <\/div>\n                    <div class=\"ct-iconBox-content\">\n                    <h6 ><span class=\"ct-iconBox-title inherit text-uppercase ct-u-hrMid ct-fw-300\">Mirabel office:<\/span><\/h6>\n                    <p>\n                    <strong>Montr\u00e9al (in part), Laval, North Shore, Mont\u00e9r\u00e9gie (in part) and Laurentides<\/strong><\/p>\n<p style=\"text-align: left;\">18185 rue J-A Bombardier<br \/>\nMirabel (Qu\u00e9bec) \u00a0J7J 0E7<strong><br \/>\n1 866 313-7800<br \/>\n450-530-7800<br \/>\n<\/strong><\/p>\n\n                    <\/p>\n                    <\/div>\n                    <\/div>[\/vc_column_inner][vc_column_inner width=&#8221;1\/3&#8243; offset=&#8221;vc_col-lg-4 vc_col-xs-12&#8243; animation_speed=&#8221;&#8221; animation=&#8221;&#8221;]\n                    <div  class=\"ct-iconBox ct-iconBox--left\">\n                    <div class=\"ct-iconBox-icon ct-iconBox-icon--default\">\n                    \n                    <\/div>\n                    <div class=\"ct-iconBox-content\">\n                    <h6 ><span class=\"ct-iconBox-title inherit text-uppercase ct-u-hrMid ct-fw-300\">Qu\u00e9bec City office:<\/span><\/h6>\n                    <p>\n                    <strong>Capitale-Nationale, Chaudi\u00e8re-Appalaches and Kamouraska\/Rivi\u00e8re-du-Loup<\/strong><\/p>\n<p style=\"text-align: left;\">1185, rue Philippe-Paradis, bureau 160<br \/>\nQu\u00e9bec (Qu\u00e9bec) \u00a0G1N 4E2<br \/>\n<strong>1 888 877-5111<br \/>\n418-877-5111<\/strong><\/p>\n\n                    <\/p>\n                    <\/div>\n                    <\/div>[\/vc_column_inner][\/vc_row_inner][\/vc_column][vc_column][vc_column_text]\n[\/vc_column_text][\/vc_column][\/vc_row][vc_row type=&#8221;default&#8221; height=&#8221;200&#8243; parallax_ratio=&#8221;0.1&#8243; video_type=&#8221;mp4&#8243; ct_u_padding=&#8221;ct-u-paddingBoth70&#8243;][vc_column width=&#8221;1\/1&#8243;][vc_row_inner][vc_column_inner width=&#8221;1\/2&#8243; font_color=&#8221;#555555&#8243; offset=&#8221;vc_col-lg-6 vc_col-md-6&#8243;]<h3 ><span class=\"inherit ct-fw-600\">Contact us<\/span><\/h3>[vc_column_text css=&#8221;.vc_custom_1741802918386{margin-bottom: 30px !important;}&#8221;]<em>Entraide diab\u00e9tique du Qu\u00e9bec<\/em> has three operation centres in Qu\u00e9bec. Located in Quebec City, Mirabel and Trois-Rivi\u00e8res, their activities consist in the telephone solicitation of gently used clothing and household items, as well as the coordination of truck pick-ups from homes and donation bins.<\/p>\n<p>Note that our centres also have donation bins, where you can drop off your clothing![\/vc_column_text]\n                    <div  class=\"ct-iconBox ct-iconBox--behind\">\n                    <div class=\"ct-iconBox-icon\">\n                    <i  class=\"fa fa-desktop fa-desktop\" style=\"color:#222222; font-size:100px\"><\/i>\n                    <\/div>\n                    <div class=\"ct-iconBox-content\">\n                    <h4 ><span class=\"ct-iconBox-title inherit ct-u-paddingBottom20 ct-fw-600\">Head office<\/span><\/h4>\n                    <p>\n                    18185 rue J-A Bombardier<br \/>\nMirabel (Qu\u00e9bec) \u00a0J7J 0E7\n                    <\/p>\n                    <\/div>\n                    <\/div>[vc_empty_space]\n                    <div  class=\"ct-iconBox ct-iconBox--behind\">\n                    <div class=\"ct-iconBox-icon\">\n                    \n                    <\/div>\n                    <div class=\"ct-iconBox-content\">\n                    <h4 ><\/h4>\n                    <p>\n                    <span class=\"h5 ct-fw-600\">M\u00e9lodie Lamoureux<br \/>\n<strong>450 553-8601<\/strong><br \/>\n<\/span>\n                    <\/p>\n                    <\/div>\n                    <\/div>[vc_empty_space]\n                    <div  class=\"ct-iconBox ct-iconBox--behind\">\n                    <div class=\"ct-iconBox-icon\">\n                    \n                    <\/div>\n                    <div class=\"ct-iconBox-content\">\n                    <h4 ><span class=\"ct-iconBox-title inherit ct-fw-600\">Write us!<\/span><\/h4>\n                    <p>\n                    \n<p><a href=\"mailto:administration@entraidediabetique.org\">administration@entraidediabetique.org<\/a><\/p>\n\n                    <\/p>\n                    <\/div>\n                    <\/div>[vc_empty_space]\n                    <div  class=\"ct-iconBox ct-iconBox--behind\">\n                    <div class=\"ct-iconBox-icon\">\n                    \n                    <\/div>\n                    <div class=\"ct-iconBox-content\">\n                    <h4 ><span class=\"ct-iconBox-title inherit ct-fw-600\">Social media<\/span><\/h4>\n                    <div class=\"ct-socials\"><h5 class=\"color-motive pull-left\"><\/h5><ul><li><a href=\"http:\/\/www.facebook.com\/pages\/Entraide-Diab%C3%A9tique-du-Qu%C3%A9bec\/259181583880\" target=\"_blank\" data-toggle=\"tooltip\" data-placement=\"top\" title=\"facebook\" rel=\"noopener\"><i class=\"fa fa-facebook\"><\/i><\/a><\/li><li><a href=\"http:\/\/www.linkedin.com\/company\/entraide-diabetique-du-quebec\" target=\"_blank\" data-toggle=\"tooltip\" data-placement=\"top\" title=\"linkedin\" rel=\"noopener\"><i class=\"fa fa-linkedin\"><\/i><\/a><\/li><li><a href=\"http:\/\/www.twitter.com\/EntraidDiabetiq\" target=\"_blank\" data-toggle=\"tooltip\" data-placement=\"top\" title=\"twitter\" rel=\"noopener\"><i class=\"fa fa-twitter\"><\/i><\/a><\/li><li><a href=\"http:\/\/www.youtube.com\/user\/Entraidediabetique\" target=\"_blank\" data-toggle=\"tooltip\" data-placement=\"top\" title=\"youtube\" rel=\"noopener\"><i class=\"fa fa-youtube-play\"><\/i><\/a><\/li><\/ul><\/div>\n                    <\/div>\n                    <\/div>[\/vc_column_inner][vc_column_inner width=&#8221;1\/2&#8243; font_color=&#8221;#555555&#8243; offset=&#8221;vc_col-lg-6 vc_col-md-6&#8243;]<h3 ><span class=\"inherit ct-fw-600\">Write us!<\/span><\/h3>[vc_column_text css=&#8221;.vc_custom_1519681723906{margin-bottom: 30px !important;}&#8221;][\/vc_column_text]\n<div class=\"wpcf7 no-js\" id=\"wpcf7-f6785-o1\" lang=\"en-US\" dir=\"ltr\" data-wpcf7-id=\"6785\">\n<div class=\"screen-reader-response\"><p role=\"status\" aria-live=\"polite\" aria-atomic=\"true\"><\/p> <ul><\/ul><\/div>\n<form action=\"\/en\/wp-json\/wp\/v2\/pages\/6736#wpcf7-f6785-o1\" method=\"post\" class=\"wpcf7-form init\" aria-label=\"Contact form\" novalidate=\"novalidate\" data-status=\"init\">\n<fieldset class=\"hidden-fields-container\"><input type=\"hidden\" name=\"_wpcf7\" value=\"6785\" \/><input type=\"hidden\" name=\"_wpcf7_version\" value=\"6.1.5\" \/><input type=\"hidden\" name=\"_wpcf7_locale\" value=\"en_US\" \/><input type=\"hidden\" name=\"_wpcf7_unit_tag\" value=\"wpcf7-f6785-o1\" \/><input type=\"hidden\" name=\"_wpcf7_container_post\" value=\"0\" \/><input type=\"hidden\" name=\"_wpcf7_posted_data_hash\" value=\"\" \/>\n<\/fieldset>\n<div class=\"row\">\n\t<div class=\"col-md-6\">\n\t\t<div class=\"form-group\">\n\t\t\t<p><span class=\"wpcf7-form-control-wrap\" data-name=\"your-name\"><input size=\"40\" maxlength=\"400\" class=\"wpcf7-form-control wpcf7-text wpcf7-validates-as-required form-control\" aria-required=\"true\" aria-invalid=\"false\" value=\"\" type=\"text\" name=\"your-name\" \/><\/span><br \/>\n<label>Name<\/label>\n\t\t\t<\/p>\n\t\t<\/div>\n\t<\/div>\n\t<div class=\"col-md-6\">\n\t\t<div class=\"form-group\">\n\t\t\t<p><span class=\"wpcf7-form-control-wrap\" data-name=\"your-email\"><input size=\"40\" maxlength=\"400\" class=\"wpcf7-form-control wpcf7-email wpcf7-validates-as-required wpcf7-text wpcf7-validates-as-email form-control\" aria-required=\"true\" aria-invalid=\"false\" value=\"\" type=\"email\" name=\"your-email\" \/><\/span><br \/>\n<label>Email<\/label>\n\t\t\t<\/p>\n\t\t<\/div>\n\t<\/div>\n<\/div>\n<div class=\"form-group\">\n\t<p><span class=\"wpcf7-form-control-wrap\" data-name=\"your-subject\"><input size=\"40\" maxlength=\"400\" class=\"wpcf7-form-control wpcf7-text wpcf7-validates-as-required form-control\" aria-required=\"true\" aria-invalid=\"false\" value=\"\" type=\"text\" name=\"your-subject\" \/><\/span><br \/>\n<label>Subject<\/label>\n\t<\/p>\n<\/div>\n<div class=\"form-group\">\n\t<p><span class=\"wpcf7-form-control-wrap\" data-name=\"your-message\"><textarea cols=\"40\" rows=\"10\" maxlength=\"2000\" class=\"wpcf7-form-control wpcf7-textarea form-control\" aria-invalid=\"false\" name=\"your-message\"><\/textarea><\/span><br \/>\n<label>Message<\/label>\n\t<\/p>\n<\/div>\n<p><input class=\"wpcf7-form-control wpcf7-submit has-spinner ct-btn--perspective btn btn-primary\" type=\"submit\" value=\"Send message\" \/>\n<\/p>\n<p><span id=\"wpcf7-69e240728efe3-wrapper\" class=\"wpcf7-form-control-wrap website-wrap\" style=\"display:none !important; visibility:hidden !important;\"><label for=\"wpcf7-69e240728efe3-field\" class=\"hp-message\">Please leave this field empty.<\/label><input id=\"wpcf7-69e240728efe3-field\"  class=\"wpcf7-form-control wpcf7-text form-control\" type=\"text\" name=\"website\" value=\"\" size=\"40\" tabindex=\"-1\" autocomplete=\"new-password\" \/><\/span>\n<\/p><p style=\"display: none !important;\" class=\"akismet-fields-container\" data-prefix=\"_wpcf7_ak_\"><label>&#916;<textarea name=\"_wpcf7_ak_hp_textarea\" cols=\"45\" rows=\"8\" maxlength=\"100\"><\/textarea><\/label><input type=\"hidden\" id=\"ak_js_1\" name=\"_wpcf7_ak_js\" value=\"76\"\/><script>document.getElementById( \"ak_js_1\" ).setAttribute( \"value\", ( new Date() ).getTime() );<\/script><\/p><div class=\"wpcf7-response-output\" aria-hidden=\"true\"><\/div>\n<\/form>\n<\/div>\n[\/vc_column_inner][\/vc_row_inner][\/vc_column][\/vc_row][vc_row][vc_column width=&#8221;1\/1&#8243;][vc_text_separator title=&#8221;Administration&#8221; color=&#8221;custom&#8221; accent_color=&#8221;#dd3737&#8243;][\/vc_column][\/vc_row][vc_row][vc_column width=&#8221;1\/3&#8243;]\n                    <div  class=\"ct-iconBox ct-iconBox--left\">\n                    <div class=\"ct-iconBox-icon ct-iconBox-icon--default\">\n                    \n                    <\/div>\n                    <div class=\"ct-iconBox-content\">\n                    <h6 ><span class=\"ct-iconBox-title inherit text-uppercase ct-u-hrLeft ct-fw-300\">Chantal Desrosiers<\/span><\/h6>\n                    <p>\n                    \n<p style=\"text-align: left;\"><em>Executive Director<\/em><br \/>\n<strong>Tel.\u00a0: 450 553-8601<\/strong><br \/>\n<a href=\"mailto:chantal.desrosiers@entraidediabetique.org\">chantal.desrosiers@<br \/>\nentraidediabetique.org<\/a><\/p>\n\n                    <\/p>\n                    <\/div>\n                    <\/div>[\/vc_column][vc_column width=&#8221;1\/3&#8243;]\n                    <div  class=\"ct-iconBox ct-iconBox--left\">\n                    <div class=\"ct-iconBox-icon ct-iconBox-icon--default\">\n                    \n                    <\/div>\n                    <div class=\"ct-iconBox-content\">\n                    <h6 ><span class=\"ct-iconBox-title inherit text-uppercase ct-u-hrLeft ct-fw-300\">M\u00e9lodie Lamoureux<\/span><\/h6>\n                    <p>\n                    \n<p style=\"text-align: left;\"><em>Director and accounting assistant<\/em><strong><br \/>\nTel. : 450 553-8601 ext 1081<br \/>\n<\/strong><a class=\"ms-outlook-linkify\" href=\"mailto:administration@entraidediabetique.org\" data-ogsc=\"\">administration@entraidediabetique.org<\/a><\/p>\n\n                    <\/p>\n                    <\/div>\n                    <\/div>[\/vc_column][\/vc_row][vc_row type=&#8221;default&#8221; section_id=&#8221;&#8221; height=&#8221;200&#8243; parallax_ratio=&#8221;0.1&#8243; image_mobile=&#8221;&#8221; image=&#8221;&#8221; kenburns_images=&#8221;&#8221; video_src=&#8221;&#8221; video_type=&#8221;mp4&#8243; with_container=&#8221;&#8221; section_button=&#8221;&#8221; button_label=&#8221;&#8221; container_id=&#8221;&#8221; scroll=&#8221;no&#8221; ct_u_color=&#8221;inherit&#8221; ct_u_padding=&#8221;&#8221; ct_u_margin=&#8221;&#8221; ct_u_bg_color=&#8221;&#8221; ct_u_border=&#8221;&#8221; ct_u_diagonal1=&#8221;&#8221; ct_u_diagonal2=&#8221;&#8221; ct_u_shadow=&#8221;&#8221; full_width=&#8221;stretch_row&#8221; gap=&#8221;0&#8243; full_height=&#8221;yes&#8221; columns_placement=&#8221;middle&#8221; equal_height=&#8221;yes&#8221; content_placement=&#8221;&#8221; video_bg=&#8221;yes&#8221; video_bg_url=&#8221;https:\/\/www.youtube.com\/watch?v=lMJXxhRFO1k&#8221; video_bg_parallax=&#8221;&#8221; parallax=&#8221;&#8221; parallax_image=&#8221;&#8221; parallax_speed_video=&#8221;1.5&#8243; parallax_speed_bg=&#8221;1.5&#8243; css_animation=&#8221;&#8221; el_id=&#8221;&#8221; disable_element=&#8221;yes&#8221; el_class=&#8221;&#8221; css=&#8221;&#8221; animation_speed=&#8221;&#8221; animation=&#8221;&#8221;][vc_column width=&#8221;1\/1&#8243;][\/vc_column][\/vc_row]\n<\/div>","protected":false},"excerpt":{"rendered":"<p>[vc_row type=&#8221;default&#8221; height=&#8221;200&#8243; parallax_ratio=&#8221;0.1&#8243; video_type=&#8221;mp4&#8243; ct_u_padding=&#8221;ct-u-paddingBoth40&#8243; ct_u_bg_color=&#8221;ct-u-backgroundGray&#8221;][vc_column width=&#8221;1\/1&#8243;][vc_row_inner][vc_column_inner width=&#8221;1\/1&#8243;][\/vc_column_inner][\/vc_row_inner][vc_row_inner][vc_column_inner width=&#8221;1\/3&#8243; offset=&#8221;vc_col-lg-4 vc_col-xs-12&#8243; animation_speed=&#8221;&#8221; animation=&#8221;&#8221;][\/vc_column_inner][vc_column_inner width=&#8221;1\/3&#8243; css=&#8221;.vc_custom_1480361004957{padding-right: 50px !important;padding-left: 50px !important;}&#8221; [&hellip;]<\/p>\n","protected":false},"author":12,"featured_media":0,"parent":0,"menu_order":-500,"comment_status":"closed","ping_status":"closed","template":"","meta":{"_acf_changed":false,"footnotes":""},"class_list":["post-6736","page","type-page","status-publish","hentry"],"acf":[],"_links":{"self":[{"href":"https:\/\/entraidediabetique.org\/en\/wp-json\/wp\/v2\/pages\/6736","targetHints":{"allow":["GET"]}}],"collection":[{"href":"https:\/\/entraidediabetique.org\/en\/wp-json\/wp\/v2\/pages"}],"about":[{"href":"https:\/\/entraidediabetique.org\/en\/wp-json\/wp\/v2\/types\/page"}],"author":[{"embeddable":true,"href":"https:\/\/entraidediabetique.org\/en\/wp-json\/wp\/v2\/users\/12"}],"replies":[{"embeddable":true,"href":"https:\/\/entraidediabetique.org\/en\/wp-json\/wp\/v2\/comments?post=6736"}],"version-history":[{"count":11,"href":"https:\/\/entraidediabetique.org\/en\/wp-json\/wp\/v2\/pages\/6736\/revisions"}],"predecessor-version":[{"id":24849,"href":"https:\/\/entraidediabetique.org\/en\/wp-json\/wp\/v2\/pages\/6736\/revisions\/24849"}],"wp:attachment":[{"href":"https:\/\/entraidediabetique.org\/en\/wp-json\/wp\/v2\/media?parent=6736"}],"curies":[{"name":"wp","href":"https:\/\/api.w.org\/{rel}","templated":true}]}}